{"id":2616,"date":"2024-11-04T10:44:18","date_gmt":"2024-11-04T09:44:18","guid":{"rendered":"https:\/\/daracokorilo.com\/?page_id=2616"},"modified":"2024-11-29T10:52:53","modified_gmt":"2024-11-29T09:52:53","slug":"luka-bajovic-jutarnji-program-rtvnk-03-11-2024-godine","status":"publish","type":"page","link":"https:\/\/daracokorilo.com\/index.php\/luka-bajovic-jutarnji-program-rtvnk-03-11-2024-godine\/","title":{"rendered":"Luka Bajovi\u0107 &#8211; Jutarnji program RTVNK, 03.11.2024. godine"},"content":{"rendered":"\n<figure class=\"wp-block-embed is-type-video is-provider-youtube wp-block-embed-youtube wp-embed-aspect-16-9 wp-has-aspect-ratio\"><div class=\"wp-block-embed__wrapper\">\n<iframe loading=\"lazy\" title=\"NA\u0160E JUTRO: Luka Bajovi\u0107 - u\u010denik Muzi\u010dke \u0161kole &quot;Dara \u010cokorilo&quot; 3. 11. 2024.\" width=\"640\" height=\"360\" src=\"https:\/\/www.youtube.com\/embed\/aJs9i4ejJok?feature=oembed\" frameborder=\"0\" allow=\"accelerometer; autoplay; clipboard-write; encrypted-media; gyroscope; picture-in-picture; web-share\" referrerpolicy=\"strict-origin-when-cross-origin\" allowfullscreen><\/iframe>\n<\/div><\/figure>\n\n\n\n<p><\/p>\n","protected":false},"excerpt":{"rendered":"","protected":false},"author":1,"featured_media":0,"parent":0,"menu_order":0,"comment_status":"closed","ping_status":"closed","template":"","meta":{"pagelayer_contact_templates":[],"_pagelayer_content":"","footnotes":""},"class_list":["post-2616","page","type-page","status-publish","hentry"],"_links":{"self":[{"href":"https:\/\/daracokorilo.com\/index.php\/wp-json\/wp\/v2\/pages\/2616","targetHints":{"allow":["GET"]}}],"collection":[{"href":"https:\/\/daracokorilo.com\/index.php\/wp-json\/wp\/v2\/pages"}],"about":[{"href":"https:\/\/daracokorilo.com\/index.php\/wp-json\/wp\/v2\/types\/page"}],"author":[{"embeddable":true,"href":"https:\/\/daracokorilo.com\/index.php\/wp-json\/wp\/v2\/users\/1"}],"replies":[{"embeddable":true,"href":"https:\/\/daracokorilo.com\/index.php\/wp-json\/wp\/v2\/comments?post=2616"}],"version-history":[{"count":1,"href":"https:\/\/daracokorilo.com\/index.php\/wp-json\/wp\/v2\/pages\/2616\/revisions"}],"predecessor-version":[{"id":2617,"href":"https:\/\/daracokorilo.com\/index.php\/wp-json\/wp\/v2\/pages\/2616\/revisions\/2617"}],"wp:attachment":[{"href":"https:\/\/daracokorilo.com\/index.php\/wp-json\/wp\/v2\/media?parent=2616"}],"curies":[{"name":"wp","href":"https:\/\/api.w.org\/{rel}","templated":true}]}}