{"id":543,"date":"2022-01-03T12:57:18","date_gmt":"2022-01-03T11:57:18","guid":{"rendered":"https:\/\/daracokorilo.com\/?page_id=543"},"modified":"2022-01-03T13:06:44","modified_gmt":"2022-01-03T12:06:44","slug":"543-2","status":"publish","type":"page","link":"https:\/\/daracokorilo.com\/index.php\/543-2\/","title":{"rendered":"Istorijat \u0161kole"},"content":{"rendered":"\n\n\n\n\n<blockquote class=\"wp-block-quote\"><p>\u201eBez muzike , \u017eivot bi bio gre\u0161ka!\u201c &#8211; Ni\u010de <\/p><\/blockquote>\n<p><br><\/p><p>Dr\u017eavnu muzi\u010dku \u0161kolu u Nik\u0161i\u0107u osnovao je Gradski narodni odbor \u0161kolske 1948\/49. godine, uz saglasnost Ministarstva prosvjete Crne Gore. Rad je otpo\u010deo&nbsp; sa teorijskom nastavom 15. novembra 1948, dok je prakti\u010dna nastava uklju\u010dena 5. februara 1949. godine. Upisana su 44 u\u010denika na dva odsjeka, klavir (30 u\u010denika) i violina (14 u\u010denika). Direktor \u0161kole Tomo Vukadinovi\u0107, dva profesora i 44 u\u010denika &nbsp;postavili su temelje na\u0161em vi\u0161edecenijskom postojanju.<\/p>\n<p>\u0160kolske 1957\/58. godine po\u010dinje sa radom Odsjek harmonike, a 1958\/59. godine&nbsp; i Duva\u010dki odsjek.<\/p>\n<p><img decoding=\"async\" src=\"https:\/\/daracokorilo.com\/wp-content\/uploads\/2022\/01\/Picture1.jpg\" alt=\"\" pl-media-id=\"546\">&nbsp; &nbsp; &nbsp; &nbsp; &nbsp; &nbsp;&nbsp;<img decoding=\"async\" src=\"https:\/\/daracokorilo.com\/wp-content\/uploads\/2022\/01\/Picture2.jpg\" alt=\"\" pl-media-id=\"548\"><\/p><p>Desetogodi\u0161njicu&nbsp; svog&nbsp; postojanja&nbsp; Dr\u017eavna muzi\u010dka \u0161kola obilje\u017eava tako \u0161to postaje prva muzi\u010dka \u0161kola u Crnoj Gori sa \u010detiri odsjeka. Va\u017eno je ista\u0107i &nbsp;da je prva u Republici formirala&nbsp; harmonika\u0161ki orkestar.<\/p>\n<figure class=\"wp-block-image size-full\"><br><\/figure>\n<p>Iste godine dobila je ime \u201eDara \u010cokorilo\u201c, po studentkinji filozofije,&nbsp; koja je poginula u proboju na Sutjesci 1943. godine.<\/p>\n<p>Prostor u kome je \u0161kola po\u010dela sa radom, bio je nedovoljan zbog ve\u0107eg broja odsjeka, nastavnika i u\u010denika, pa je 1963. godine \u0161kola preseljena u zgradu u kojoj je radila do 2011. godine.<\/p>\n<p>Sagledavaju\u0107i&nbsp; nedostatke i&nbsp; potrebe muzi\u010dkog \u017eivota Nik\u0161i\u0107a,&nbsp; vode\u0107i ra\u010duna o novim sadr\u017eajima koji \u0107e pozitivno djelovati&nbsp; na sredinu,&nbsp; kao i ciljevima&nbsp; i prioritetima razvoja&nbsp; \u0160kole, otvaraju&nbsp; se sljede\u0107i&nbsp; odsjeci u osnovnoj \u0161koli:<\/p>\n<ol type=\"1\"><li>\u0160kolske 1976\/77. godine po\u010dinje sa radom odsjek klasi\u010dne gitare.&nbsp;<\/li><li>\u0160kolske 2001\/02. godine. po\u010dinje sa radom odsjek za klarinet i saksofon.<\/li><li>\u0160kolske 2002\/03. godine otvoren je odsjek za violon\u010delo.<\/li><li>\u0160kolske 2008\/09. godine formiran je guda\u010dki orkestar.<\/li><li>\u0160kolske 2010\/11 godine&nbsp; na osnovu inicijative \u0160kole prvi put, u okviru osnovnog&nbsp; muzi\u010dkog obrazovanja u Crnoj Gori ura\u0111eni su obrazovni programi za udaraljke od I do VI razreda. Planove i programe su uradili tada\u0161nja&nbsp; direktorica \u0161kole g-\u0111a Vjera Vukovi\u0107 i predmetni nastavnik Milo\u0161 Mi\u0107unovi\u0107.<\/li><\/ol>\n<p>Iste godine&nbsp;&nbsp; otvoren je odsjek za udaraljke, \u010dime se dao doprinos rje\u0161avanju deficitarnog&nbsp; kadra \u2013izvo\u0111a\u010da perkusionista u Crnoj Gori.<\/p>\n<ol type=\"1\" start=\"6\"><li>\u0160kolske 2013\/2014. godine otvoren je odsjek za&nbsp; flautu.<\/li><li>\u0160kolske 2018\/2019. godine otvoren je odsjek za&nbsp; solo pjevanje.<\/li><li>\u0160kolske 2021\/22. godine formiran je duva\u010dki orkestar.<\/li><\/ol>\n<p>Polaze\u0107i od va\u017enosti sticanja muzi\u010dkog obrazovanja, \u0160kola je nudila&nbsp; razli\u010dite muzi\u010dke sadr\u017eaje i aktivnosti koji su podsticali li\u010dni razvoj svakog djeteta, sa kvalitetnim i iskusnim nastavnim kadrom, radila na razvijanju i njegovanju partnerskih odnosa sa roditeljima, lokalnom zajednicom i drugim institucijama.<\/p>\n<p><strong>Otvaranje Srednje muzi\u010dke \u0161kole<\/strong><\/p>\n<p>Otvaranje Srednje muzi\u010dke \u0161kole je bio cilj na \u010dijoj realizaciji se&nbsp; nesebi\u010dno radilo,&nbsp; imaju\u0107i pri tome jasnu predstavu koje profile muzi\u010dkog izvo\u0111a\u0161tva treba imati kao prioritet.<\/p>\n<p>Ministasrtvo prosvjete i nauke&nbsp; imalo je mnogo razumijevanja i sluha za otvaranje Srednje muzi\u010dke \u0161kole, uva\u017eavaju\u0107i potrebu&nbsp; zna\u010dajanog broja talentovanih u\u010denika za nastavak muzi\u010dkog obrazovanja u svom gradu.&nbsp; Ovome je doprinijela i \u010dinjenica da je \u0160kola tradicionalno imala&nbsp; kvalitetan nastavni kadar, \u010diji se profesionalni rad u kontinuitetu potvr\u0111ivao velikim brojem osvojenih nagrada u\u010denika na doma\u0107oj i me\u0111unarodnoj muzi\u010dkoj sceni.<\/p><p style=\"text-align: center;\"><img decoding=\"async\" src=\"https:\/\/daracokorilo.com\/wp-content\/uploads\/2022\/01\/Picture3.jpg\" alt=\"\" pl-media-id=\"550\"><\/p><p><br><\/p><p>Uz punu podr\u0161ku Vlade Crne Gore, Ministarstva prosvjete i nauke,&nbsp; Op\u0161tine Nik\u0161i\u0107 i donacije Fondacije \u201e\u0106ano Koprivica\u201c, sagra\u0111en je reprezentativan objekat&nbsp; u koji se \u0161kola&nbsp; useljava u julu 2011. godine.&nbsp;<\/p>\n<p>Od strane Ministarstva prosvjete i nauke \u0161kolske&nbsp; 2010\/11. godine, \u0160kola dobija licencu za realizaciju obrazovnih programa srednjeg umjetni\u010dkog obrazovanja i to: muzi\u010dki saradnik i muzi\u010dki izvo\u0111a\u010d<strong>.<\/strong><\/p>\n<p>Dobijanjem licenci za realizaciju obrazovnih programa srednjeg obrazovanja dolazi do statusnih promjena, pa prerasta u&nbsp; JU \u0160kola za osnovno i srednje muzi\u010dko obrazovanje \u201eDara \u010cokorilo\u201c Nik\u0161i\u0107. Tako je u\u010denicima data mogu\u0107nost \u0161kolovanja na dva nivoa, osnovno i srednje muzi\u010dko obrazovanje.<\/p>\n<p>Nova zgrada Muzi\u010dke&nbsp; \u0161kole je povr\u0161ine 1613 m2 i&nbsp; zadovoljava sve predvi\u0111ene zahtjeve i standarde za kvalitetnu realizaciju vaspitno-obrazovnog procesa.<\/p>\n<p>Centralno mjesto ima koncertna sala sa 240 mjesta u kojoj se odvija koncertni i kulturni \u017eivot&nbsp; \u0160kole i grada.<\/p><p><img decoding=\"async\" src=\"https:\/\/daracokorilo.com\/wp-content\/uploads\/2022\/01\/Picture4.png\" alt=\"\" pl-media-id=\"551\"><\/p><p><br><\/p><p>\u0160kola je opremljena&nbsp; vrijednim instrumentima koje je dobila od Ministarstva&nbsp; prosvjete i sporta, kroz realizaciju me\u0111uvladinog&nbsp; ugovora&nbsp; Crne Gore i Ruske Federacije. \u0160kola je dobila jedan&nbsp; koncertni, dva&nbsp; polukoncertna klavira, deset pijanina, 13 harmonika, tri violine i tri violon\u010dela.&nbsp;<\/p>\n<p>Muzi\u010dka \u0161kola \u201dDara \u010cokorilo\u201c i\u0161la je u korak sa vremenom i razvijala se uporedo sa razvojem dru\u0161tva u cjelini, istovremeno \u010duvaju\u0107i i bri\u017eljivo njeguju\u0107i tradiciju i naslje\u0111e crnogorskog muzi\u010dkog stvarala\u0161tva.<\/p>\n<p><strong>Zbog velikog interesovanja&nbsp; djece i roditelja za upis u Srednju muzi\u010dku \u0161kolu, a i prate\u0107i interesovanja u\u010denika otvaraju se novi obrazovni programi:<\/strong><\/p>\n<ol type=\"1\"><li>\u0160kolske 2011\/12.godine muzi\u010dki izvo\u0111a\u010d-gitarista, muzi\u010dki izvo\u0111a\u010d- klavirista, muzi\u010dki izvo\u0111a\u010d- klarinetista i muzi\u010dki izvo\u0111a\u010d violinista.<\/li><li>\u0160kolske 2017\/18.&nbsp; muzi\u010dki izvo\u0111a\u010d- truba\u010d i muzi\u010dki izvo\u0111a\u010d-solo pjeva\u010d.<\/li><li>\u0160kolske 2018\/19. muzi\u010dki izvo\u0111a\u010d violon\u010delista.&nbsp;&nbsp;<\/li><li>\u0160kolske 2020\/21.&nbsp; muzi\u010dki izvo\u0111a\u010d flautista.&nbsp;&nbsp;<\/li><li>\u0160kolske 2021\/22.&nbsp; muzi\u010dki izvo\u0111a\u010d violista.<\/li><\/ol>\n<figure class=\"wp-block-table\"><table><tbody><tr><td>Br.<\/td><td>Broj rje\u0161enja o licenci<\/td><td>Obrazovni program<\/td><td>Datum izdavanja licence<\/td><\/tr><tr><td>&nbsp;<\/td><td>UPI broj 07-605<\/td><td>Muzi\u010dki saradnik<\/td><td>07-07-2010.godine<\/td><\/tr><tr><td>&nbsp;<\/td><td>UPI broj 07-422<\/td><td>Muzi\u010dki izvo\u0111a\u010d &#8211; klavirista<\/td><td>20.08.2012.godine<\/td><\/tr><tr><td>&nbsp;<\/td><td>UPI broj 07-605<\/td><td>Muzi\u010dki izvo\u0111a\u010d &#8211; harmonika\u0161<\/td><td>07-07-2010.godine<\/td><\/tr><tr><td>&nbsp;<\/td><td>UPI broj 060-90\/2017<\/td><td>Muzi\u010dki izvo\u0111a\u010d &#8211; violinista<\/td><td>28.12.2017. godine<\/td><\/tr><tr><td>&nbsp;<\/td><td>UPI broj 060-177\/2018-1<\/td><td>Muzi\u010dki izvo\u0111a\u010d &#8211; violon\u010delista<\/td><td>21.12.2018.godine.<\/td><\/tr><tr><td>&nbsp;<\/td><td>UPI broj 07-422<\/td><td>Muzi\u010dki izvo\u0111a\u010d &#8211; gitarista<\/td><td>20.08.2012.godine<\/td><\/tr><tr><td>&nbsp;<\/td><td>UPI broj 07-422<\/td><td>Muzi\u010dki izvo\u0111a\u010d &#8211; klarinetista<\/td><td>20.08.2012.godine<\/td><\/tr><tr><td>&nbsp;<\/td><td>UPI broj 07-422<\/td><td>Muzi\u010dki izvo\u0111a\u010d &#8211; truba\u010d<\/td><td>28.12.2017.godine<\/td><\/tr><tr><td>&nbsp;<\/td><td>UPI broj 60 &#8211; 90<\/td><td>Muzi\u010dki izvo\u0111a\u010d \u2013 solo pjeva\u010d<\/td><td>28.12.2017.godine<\/td><\/tr><tr><td>&nbsp;<\/td><td>UPI broj 17\/4-03-604\/21-1585<\/td><td>Muzi\u010dki izvo\u0111a\u010d \u2013 flautista<\/td><td>29.06.2021.godine<\/td><\/tr><tr><td>&nbsp;<\/td><td>UPI broj 17\/4-03-600\/21-4786<\/td><td>Muzi\u010dki izvo\u0111a\u010d \u2013 violista<\/td><td>29.06.2021.godine<\/td><\/tr><\/tbody><\/table><\/figure>\n<p>Danas Muzi\u010dku \u0161kolu poha\u0111a 600 u\u010denika, \u010dije se muzi\u010dko obrazovanje odvija kroz oblike individualne i grupne nastave na slede\u0107im&nbsp; odsjecima:&nbsp; klavir, harmonika, gitara, violon\u010delo, violina, truba, klarinet, saksofon, flauta, solo pjevanje&nbsp; i udaraljke.<\/p>\n<p>Veoma je aktivan i zapa\u017een rad kamernog orkestra, orkestra harmonika, guda\u010dkog orkestra, mje\u0161ovitog orkestra, duva\u010dkog orkestra i horskog pjevanja.<\/p>\n\n\n","protected":false},"excerpt":{"rendered":"","protected":false},"author":0,"featured_media":0,"parent":0,"menu_order":0,"comment_status":"closed","ping_status":"closed","template":"","meta":{"pagelayer_contact_templates":[],"_pagelayer_content":"","footnotes":""},"class_list":["post-543","page","type-page","status-publish","hentry"],"_links":{"self":[{"href":"https:\/\/daracokorilo.com\/index.php\/wp-json\/wp\/v2\/pages\/543","targetHints":{"allow":["GET"]}}],"collection":[{"href":"https:\/\/daracokorilo.com\/index.php\/wp-json\/wp\/v2\/pages"}],"about":[{"href":"https:\/\/daracokorilo.com\/index.php\/wp-json\/wp\/v2\/types\/page"}],"replies":[{"embeddable":true,"href":"https:\/\/daracokorilo.com\/index.php\/wp-json\/wp\/v2\/comments?post=543"}],"version-history":[{"count":6,"href":"https:\/\/daracokorilo.com\/index.php\/wp-json\/wp\/v2\/pages\/543\/revisions"}],"predecessor-version":[{"id":554,"href":"https:\/\/daracokorilo.com\/index.php\/wp-json\/wp\/v2\/pages\/543\/revisions\/554"}],"wp:attachment":[{"href":"https:\/\/daracokorilo.com\/index.php\/wp-json\/wp\/v2\/media?parent=543"}],"curies":[{"name":"wp","href":"https:\/\/api.w.org\/{rel}","templated":true}]}}