{"id":557,"date":"2022-01-03T13:13:06","date_gmt":"2022-01-03T12:13:06","guid":{"rendered":"https:\/\/daracokorilo.com\/?page_id=557"},"modified":"2022-01-03T13:21:05","modified_gmt":"2022-01-03T12:21:05","slug":"vizija-skole","status":"publish","type":"page","link":"https:\/\/daracokorilo.com\/index.php\/vizija-skole\/","title":{"rendered":"Vizija i vizija \u0161kole"},"content":{"rendered":"\n<blockquote class=\"wp-block-quote is-layout-flow wp-block-quote-is-layout-flow\"><p><strong>&#8222;Muzika daje du\u0161u univerzumu, krila umu i ma\u0161ti i \u017eivot svemu!&#8220; (Platon)<\/strong><\/p><\/blockquote>\n\n\n\n<h2 class=\"wp-block-heading\">Vizija \u0161kole<\/h2>\n\n\n\n<figure class=\"wp-block-pullquote\"><blockquote><p>Vizija je umjetnost gledanja nevidljivih stvari.<\/p><cite>D\u017eonatan Svift<\/cite><\/blockquote><\/figure>\n\n\n\n<p>Polaze\u0107i od&nbsp; opredjeljenja \u0160kole da bude prepoznata u zajednici&nbsp; po kvalitetu obrazovno-vaspitnog rada, ali&nbsp; i kao&nbsp; institucija kulture od posebnog zna\u010daja, vizija \u0161kole je:<\/p>\n\n\n\n<p>\u0160kola koja ravnomjerno razvija i obrazovne i vaspitne komponente, \u0160kola u kojoj je razvijena svijest o vlastitom nacionalnom identitetu i va\u017enost o\u010duvanja crnogorskog muzi\u010dkog stvarala\u0161tva, a u kojoj su istovremeno&nbsp; prihva\u0107ene op\u0161te civilizacijske vrijednosti kao \u0161to su tolerancija, po\u0161tovanje ljudskih prava i djelovanje na demokratskim principima, \u0160kola koja je savremena i funkcionalna zahvaljuju\u0107i stalnom tehnolo\u0161kom opremanju, \u0160kola u kojoj se, ni na trenutak, ne smije izgubiti iz vida u\u010denik&nbsp; i njegove potrebe.<\/p>\n\n\n\n<h2 class=\"wp-block-heading\">Misija \u0161kole<\/h2>\n\n\n\n<figure class=\"wp-block-pullquote\"><blockquote><p>Rad ra\u0111a ideje.&nbsp; <\/p><cite>D\u017eim Ron<\/cite><\/blockquote><\/figure>\n\n\n\n<p>Misija \u0160kole je kvalitetno obrazovanje u\u010denika&nbsp; koje&nbsp; \u0107e im omogu\u0107iti da&nbsp; postanu uspje\u0161ni ljudi koji \u0107e svojim znanjem, idejama i pona\u0161anjem postati&nbsp; uzor novim generacijama, popularizacija priznatih muzi\u010dkih vrijednosti i podizanje nivoa muzi\u010dke kulture u gradu i dr\u017eavi kroz kvalitetno i kreativno osnovno i srednje obrazovanje.<\/p>\n\n\n\n<p>&nbsp;\u0160kola omogu\u0107ava u\u010denicima sticanje znanja i vje\u0161tina iz oblasti muzi\u010dke umjetnosti, promovi\u0161e izvrsnost kod u\u010denika i nastavnika,priprema u\u010denike za cjelo\u017eivotno u\u010denje, omogu\u0107ava kontinuirani profesionalni razvoj zaposlenih, promovi\u0161e razvoj humanosti, demokrati\u010dnosti i tolerancije, &nbsp;promovi\u0161e visoke moralne i eti\u010dke vrijednosti, podsti\u010de nenasilno rje\u0161avanje sukoba, njeguje stvarala\u0161tvo, inovativnost i kreativnost,&nbsp; brine za u\u010denike s te\u0161ko\u0107ama u u\u010denju i&nbsp; problemima u razvoju, brine za nadarene u\u010denike, aktivno sara\u0111uje sa roditeljima i lokalnom zajednicom.<\/p>\n","protected":false},"excerpt":{"rendered":"<p>&#8222;Muzika daje du\u0161u univerzumu, krila umu i ma\u0161ti i \u017eivot svemu!&#8220; (Platon) Vizija \u0161kole Vizija je umjetnost gledanja nevidljivih stvari. D\u017eonatan Svift Polaze\u0107i od&nbsp; opredjeljenja \u0160kole da bude prepoznata u zajednici&nbsp; po kvalitetu obrazovno-vaspitnog rada, ali&nbsp; i kao&nbsp; institucija kulture od posebnog zna\u010daja, vizija \u0161kole je: \u0160kola koja ravnomjerno razvija i obrazovne i vaspitne komponente, [&hellip;]<\/p>\n","protected":false},"author":1,"featured_media":0,"parent":0,"menu_order":0,"comment_status":"closed","ping_status":"closed","template":"","meta":{"pagelayer_contact_templates":[],"_pagelayer_content":"","footnotes":""},"class_list":["post-557","page","type-page","status-publish","hentry"],"_links":{"self":[{"href":"https:\/\/daracokorilo.com\/index.php\/wp-json\/wp\/v2\/pages\/557","targetHints":{"allow":["GET"]}}],"collection":[{"href":"https:\/\/daracokorilo.com\/index.php\/wp-json\/wp\/v2\/pages"}],"about":[{"href":"https:\/\/daracokorilo.com\/index.php\/wp-json\/wp\/v2\/types\/page"}],"author":[{"embeddable":true,"href":"https:\/\/daracokorilo.com\/index.php\/wp-json\/wp\/v2\/users\/1"}],"replies":[{"embeddable":true,"href":"https:\/\/daracokorilo.com\/index.php\/wp-json\/wp\/v2\/comments?post=557"}],"version-history":[{"count":3,"href":"https:\/\/daracokorilo.com\/index.php\/wp-json\/wp\/v2\/pages\/557\/revisions"}],"predecessor-version":[{"id":564,"href":"https:\/\/daracokorilo.com\/index.php\/wp-json\/wp\/v2\/pages\/557\/revisions\/564"}],"wp:attachment":[{"href":"https:\/\/daracokorilo.com\/index.php\/wp-json\/wp\/v2\/media?parent=557"}],"curies":[{"name":"wp","href":"https:\/\/api.w.org\/{rel}","templated":true}]}}