{"id":559,"date":"2022-01-03T13:14:23","date_gmt":"2022-01-03T12:14:23","guid":{"rendered":"https:\/\/daracokorilo.com\/?page_id=559"},"modified":"2022-01-03T13:14:23","modified_gmt":"2022-01-03T12:14:23","slug":"misija-skole","status":"publish","type":"page","link":"https:\/\/daracokorilo.com\/index.php\/misija-skole\/","title":{"rendered":"Misija \u0161kole"},"content":{"rendered":"\n<blockquote class=\"wp-block-quote is-layout-flow wp-block-quote-is-layout-flow\"><p>Rad ra\u0111a ideje.\u00a0 D\u017eim Ron<\/p><\/blockquote>\n\n\n\n<p>Misija \u0160kole je kvalitetno obrazovanje u\u010denika&nbsp; koje&nbsp; \u0107e im omogu\u0107iti da&nbsp; postanu uspje\u0161ni ljudi koji \u0107e svojim znanjem, idejama i pona\u0161anjem postati&nbsp; uzor novim generacijama, popularizacija priznatih muzi\u010dkih vrijednosti i podizanje nivoa muzi\u010dke kulture u gradu i dr\u017eavi kroz kvalitetno i kreativno osnovno i srednje obrazovanje.<\/p>\n\n\n\n<p>&nbsp;\u0160kola omogu\u0107ava u\u010denicima sticanje znanja i vje\u0161tina iz oblasti muzi\u010dke umjetnosti, promovi\u0161e izvrsnost kod u\u010denika i nastavnika,priprema u\u010denike za cjelo\u017eivotno u\u010denje, omogu\u0107ava kontinuirani profesionalni razvoj zaposlenih, promovi\u0161e razvoj humanosti, demokrati\u010dnosti i tolerancije, &nbsp;promovi\u0161e visoke moralne i eti\u010dke vrijednosti, podsti\u010de nenasilno rje\u0161avanje sukoba, njeguje stvarala\u0161tvo, inovativnost i kreativnost,&nbsp; brine za u\u010denike s te\u0161ko\u0107ama u u\u010denju i&nbsp; problemima u razvoju, brine za nadarene u\u010denike, aktivno sara\u0111uje sa roditeljima i lokalnom zajednicom.<\/p>\n","protected":false},"excerpt":{"rendered":"<p>Rad ra\u0111a ideje.\u00a0 D\u017eim Ron Misija \u0160kole je kvalitetno obrazovanje u\u010denika&nbsp; koje&nbsp; \u0107e im omogu\u0107iti da&nbsp; postanu uspje\u0161ni ljudi koji \u0107e svojim znanjem, idejama i pona\u0161anjem postati&nbsp; uzor novim generacijama, popularizacija priznatih muzi\u010dkih vrijednosti i podizanje nivoa muzi\u010dke kulture u gradu i dr\u017eavi kroz kvalitetno i kreativno osnovno i srednje obrazovanje. &nbsp;\u0160kola omogu\u0107ava u\u010denicima sticanje [&hellip;]<\/p>\n","protected":false},"author":1,"featured_media":0,"parent":0,"menu_order":0,"comment_status":"closed","ping_status":"closed","template":"","meta":{"pagelayer_contact_templates":[],"_pagelayer_content":"","footnotes":""},"class_list":["post-559","page","type-page","status-publish","hentry"],"_links":{"self":[{"href":"https:\/\/daracokorilo.com\/index.php\/wp-json\/wp\/v2\/pages\/559","targetHints":{"allow":["GET"]}}],"collection":[{"href":"https:\/\/daracokorilo.com\/index.php\/wp-json\/wp\/v2\/pages"}],"about":[{"href":"https:\/\/daracokorilo.com\/index.php\/wp-json\/wp\/v2\/types\/page"}],"author":[{"embeddable":true,"href":"https:\/\/daracokorilo.com\/index.php\/wp-json\/wp\/v2\/users\/1"}],"replies":[{"embeddable":true,"href":"https:\/\/daracokorilo.com\/index.php\/wp-json\/wp\/v2\/comments?post=559"}],"version-history":[{"count":1,"href":"https:\/\/daracokorilo.com\/index.php\/wp-json\/wp\/v2\/pages\/559\/revisions"}],"predecessor-version":[{"id":560,"href":"https:\/\/daracokorilo.com\/index.php\/wp-json\/wp\/v2\/pages\/559\/revisions\/560"}],"wp:attachment":[{"href":"https:\/\/daracokorilo.com\/index.php\/wp-json\/wp\/v2\/media?parent=559"}],"curies":[{"name":"wp","href":"https:\/\/api.w.org\/{rel}","templated":true}]}}