{"id":565,"date":"2022-01-03T13:23:55","date_gmt":"2022-01-03T12:23:55","guid":{"rendered":"https:\/\/daracokorilo.com\/?page_id=565"},"modified":"2022-01-03T13:23:55","modified_gmt":"2022-01-03T12:23:55","slug":"nastavnici-i-strucni-saradnici","status":"publish","type":"page","link":"https:\/\/daracokorilo.com\/index.php\/nastavnici-i-strucni-saradnici\/","title":{"rendered":"Nastavnici i stru\u010dni saradnici"},"content":{"rendered":"\n<p>Nastavnici i stru\u010dni saradnici<\/p>\n\n\n\n<figure class=\"wp-block-table\"><table><tbody><tr><td>Red.br.<\/td><td>Ime i prezime<\/td><td>Zvanje<\/td><td>Predmet koji predaju<\/td><\/tr><tr><td>1<\/td><td>Veselinka \u0160ubari\u0107<\/td><td>dipl.pijanista<\/td><td>Klavir, Uporedni klavir, Komplementarni klavir<\/td><\/tr><tr><td>2<\/td><td>Marija Batakovi\u0107<\/td><td>dipl.pijanista<\/td><td>Klavir<\/td><\/tr><tr><td>3<\/td><td>Marijetka Nik\u010devi\u0107<\/td><td>dipl.pijanista<\/td><td>Klavir, Uporedni klavir<\/td><\/tr><tr><td>4<\/td><td>Mira Der<\/td><td>dipl.muzi\u010dar<\/td><td>Klavir<\/td><\/tr><tr><td>5<\/td><td>Svetlana Jokovi\u0107<\/td><td>nast. klavira<\/td><td>Klavir<\/td><\/tr><tr><td>6<\/td><td>Ivana Pe\u0161i\u0107<\/td><td>dipl.pijanista<\/td><td>Korepeticija, Kamerna muzika, Uporedni klavir<\/td><\/tr><tr><td>7<\/td><td>Bojana Golubovi\u0107<\/td><td>dipl.pijanista<\/td><td>Klavir, Uporedni klavir, Komplementarni klavir<\/td><\/tr><tr><td>8<\/td><td>Milica Jokovi\u0107<\/td><td>dipl.pijanista<\/td><td>Klavir, Uporedni klavir, Komplementarni klavir<\/td><\/tr><tr><td>9<\/td><td>Gordana Bjeleti\u0107<\/td><td>dipl. pijanista<\/td><td>Klavir<\/td><\/tr><tr><td>10<\/td><td>Lidija Vujkovi\u0107<\/td><td>dipl. pijanista<\/td><td>Klavir<\/td><\/tr><tr><td>11<\/td><td>An\u0111ela \u0110urovi\u0107<\/td><td>dipl. pijanista<\/td><td>Klavir, Uporedni klavir, Komplementarni klavir, Korepeticija<\/td><\/tr><tr><td>12<\/td><td>Milica \u0110ikanovi\u0107<\/td><td>dipl. pijanista<\/td><td>Klavir<\/td><\/tr><tr><td>13<\/td><td>Tijana Ble\u010di\u0107<\/td><td>dipl.solo-pjeva\u010d<\/td><td>Solo pjevanje-porodiljsko odsustvo<\/td><\/tr><tr><td>14<\/td><td>Ljiljana Radovi\u0107<\/td><td>dipl.muzi\u010dar<\/td><td>Harmonika<\/td><\/tr><tr><td>15<\/td><td>Ana Bjeleti\u0107<\/td><td>dipl. harmonika\u0161<\/td><td>Harmonika,&nbsp; \u010citanje s lista, Orkestar<\/td><\/tr><tr><td>16<\/td><td>Vesna \u0160arac<\/td><td>dipl.muzi\u010dar -dipl. harmonika\u0161<\/td><td>Harmonika, Kamerna muzika, \u010citanje s lista, Orkestar<\/td><\/tr><tr><td>17<\/td><td>&nbsp; Dijana Dendi\u0107<\/td><td>dipl. violinista<\/td><td>&nbsp; Violina<\/td><\/tr><tr><td>18<\/td><td>Marijana Ivanovi\u0107<\/td><td>dipl. violinista<\/td><td>Violina<\/td><\/tr><tr><td>19<\/td><td>Ivana \u0106u\u010di\u0107<\/td><td>dipl. violista<\/td><td>Violina<\/td><\/tr><tr><td>20<\/td><td>Maja Anti\u0107<\/td><td>prof. violon\u010dela<\/td><td>Violon\u010delo, Kamerna muzika<\/td><\/tr><tr><td>21<\/td><td>Gordana Lopu\u0161ina<\/td><td>prof. engleskog i italijanskog jezika<\/td><td>Engleski jezik,&nbsp; Italijanski&nbsp; jezik<\/td><\/tr><tr><td>22<\/td><td>Dragana Glomazi\u0107<\/td><td>dipl. muzi\u010dar<\/td><td>Muzi\u010dki oblici, Istorija Muzike, Etnomuzikologija, Komponovanje sa osnovama aran\u017eiranja<\/td><\/tr><tr><td>23<\/td><td>Valentina Jaredi\u0107<\/td><td>prof.muzike-dirigent<\/td><td>Hor, Polifonija, Harmonija, Dirigovanje, Muzi\u010dki instrumenti<\/td><\/tr><tr><td>24<\/td><td>Jelica Jo\u0161anovi\u0107<\/td><td>dipl. muzi\u010dar<\/td><td>Solfe\u0111o i Teorija muzike sa osnovama harmonije, Popularna muzika, Sviranje partitura, Notografija<\/td><\/tr><tr><td>25<\/td><td>Sandra Jovanovi\u0107<\/td><td>dipl. muzi\u010dar<\/td><td>Solfe\u0111o i teorija muzike<\/td><\/tr><tr><td>26<\/td><td>Milena Popovi\u0107<\/td><td>dipl. muzi\u010dar<\/td><td>&nbsp;Solfe\u0111o i teorija muzike<\/td><\/tr><tr><td>27<\/td><td>Jelena Radoji\u010di\u0107<\/td><td>dipl.muzi\u010dar<\/td><td>Horsko pjevanje<\/td><\/tr><tr><td>28<\/td><td>Slobodan Bogdanovi\u0107<\/td><td>dipl.gitarista<\/td><td>Gitara<\/td><\/tr><tr><td>29<\/td><td>Milena Konatar<\/td><td>dipl.flautista<\/td><td>Flauta<\/td><\/tr><tr><td>30<\/td><td>Sini\u0161a Vasiljevi\u0107<\/td><td>dipl.muzi\u010dar<\/td><td>Solfe\u0111o i teorija muzike<\/td><\/tr><tr><td>31<\/td><td>Stefan Popovi\u0107<\/td><td>prof.klarineta i saksofona<\/td><td>Klarinet i Saksofon<\/td><\/tr><tr><td>32<\/td><td>Martin \u0110or\u0111evi\u0107<\/td><td>bachelor -udaraljke<\/td><td>Udaraljke<\/td><\/tr><tr><td>33<\/td><td>Ksenija&nbsp; Barbi\u0107<\/td><td>dipl.flautista<\/td><td>Flauta<\/td><\/tr><tr><td>34<\/td><td>Bojan Drobnjak<\/td><td>&nbsp;dipl. truba\u010d<\/td><td>Truba<\/td><\/tr><tr><td>35<\/td><td>Stefan \u0106eha<\/td><td>prof. harmonike<\/td><td>Harmonika<\/td><\/tr><tr><td>36<\/td><td>Sara Vujovi\u0107<\/td><td>prof. violine<\/td><td>Violina<\/td><\/tr><tr><td>37<\/td><td>Diana Flor\u0161ic Markovi\u0107<\/td><td>prof. solo pjevanja<\/td><td>Solo pjevanje, Kamerna muzika<\/td><\/tr><tr><td>38<\/td><td>Amela Frlju\u010dki\u0107<\/td><td>prof. harmonike<\/td><td>Harmonika<\/td><\/tr><tr><td>39<\/td><td>Kristijan&nbsp; Bojovi\u0107<\/td><td>bachelor -klavira<\/td><td>Klavir<\/td><\/tr><tr><td>40<\/td><td>Vera Fati\u0107<\/td><td>prof.srp.jez.i knji\u017eevnosti<\/td><td>Crnogorski-srpski,bosanski i hrvatski jezik i knji\u017e.<\/td><\/tr><tr><td>41<\/td><td>Ivanka Muhadinovi\u0107<\/td><td>dipl.flautista<\/td><td>Flauta<\/td><\/tr><tr><td>42<\/td><td>Aleksandra Perovi\u0107<\/td><td>dipl. klavirista<\/td><td>Klavir<\/td><\/tr><tr><td>43.<\/td><td>Filip Vu\u010di\u0107<\/td><td>prof. solo pjevanja<\/td><td>Solo pjevanje, Kamerna muzika<\/td><\/tr><tr><td><\/td><td><\/td><td><\/td><td><\/td><td><\/td><td><\/td><\/tr><\/tbody><\/table><\/figure>\n\n\n\n<p><strong>Stru\u010dna saradnica<\/strong><\/p>\n\n\n\n<figure class=\"wp-block-table\"><table><tbody><tr><td>1.<\/td><td>Ranka Bo\u017eovi\u0107<\/td><td>dipl. psiholog<\/td><\/tr><\/tbody><\/table><\/figure>\n\n\n\n<p><strong>Nastavnici anga\u017eovaniposporazumu o dopuni norme i ugovoru o dopunskom radu<\/strong><\/p>\n\n\n\n<figure class=\"wp-block-table\"><table><tbody><tr><td>Red.br.<\/td><td>Ime i prezime<\/td><td>Zvanje<\/td><td>Predmet koji predaju<\/td><\/tr><tr><td>1<\/td><td>Ana \u0110okovi\u0107<\/td><td>prof.matematike<\/td><td>Matematika i Informatika<\/td><\/tr><tr><td>2<\/td><td>Predrag&nbsp; \u0110ukanovi\u0107<\/td><td>prof.fizi\u010dkog<\/td><td>Fizi\u010dko vaspitanje<\/td><\/tr><tr><td>3<\/td><td>Jasna&nbsp; Perovi\u0107<\/td><td>dipl.fizi\u010dar<\/td><td>Fizika<\/td><\/tr><\/tbody><\/table><\/figure>\n\n\n\n<p><strong>Nastavnici po ugovoru o dopunskom radu<\/strong><\/p>\n\n\n\n<figure class=\"wp-block-table\"><table><tbody><tr><td><strong>Red.br.<\/strong><strong><\/strong><\/td><td><strong>Ime i prezime<\/strong><strong><\/strong><\/td><td><strong>Zvanje <\/strong><strong><\/strong><\/td><td><strong>Predmet koji predaju<\/strong><strong><\/strong><\/td><\/tr><tr><td>1<\/td><td>Dra\u017een Jokovi\u0107<\/td><td>dipl.gitarista<\/td><td>Gitara<\/td><\/tr><tr><td>2<\/td><td>Goran Peri\u0161i\u0107<\/td><td>dipl.gitarista<\/td><td>Gitara<\/td><\/tr><tr><td>3<\/td><td>Nikola Pejovi\u0107<\/td><td>dipl.gitarista<\/td><td>Gitara<\/td><\/tr><tr><td>4<\/td><td>Marko Prenti\u0107<\/td><td>dipl.gitarista<\/td><td>Gitara<\/td><\/tr><tr><td>5<\/td><td>Nada Glomazi\u0107<\/td><td>dipl. violinista<\/td><td>Violina<\/td><\/tr><tr><td>6<\/td><td>Marija Mitrovi\u0107<\/td><td>dipl.klavirista<\/td><td>Klavir<\/td><\/tr><tr><td>7<\/td><td>Vida&nbsp; Belevi\u0107<\/td><td>dipl.klavirista<\/td><td>Klavir<\/td><\/tr><tr><td>8<\/td><td>Sla\u0111ana Babovi\u0107<\/td><td>dipl.klavirista<\/td><td>Klavir<\/td><\/tr><tr><td>9<\/td><td>Marko Marojevi\u0107<\/td><td>dipl.fizi\u010dar<\/td><td>Fizika<\/td><\/tr><tr><td>10<\/td><td>Esko Muratovi\u0107<\/td><td>prof. filozofije<\/td><td>Filozofija<\/td><\/tr><tr><td>11<\/td><td>Lazar Bubanja<\/td><td>dipl. violon\u010delista<\/td><td>Violon\u010delo<\/td><\/tr><\/tbody><\/table><\/figure>\n\n\n\n<p><strong>Tehni\u010dko osoblje<\/strong><\/p>\n\n\n\n<figure class=\"wp-block-table\"><table><tbody><tr><td>Red.br.<\/td><td>Ime i prezime<\/td><td>Stru\u010dna sprema<\/td><td>Radno mjesto<\/td><\/tr><tr><td>1.<\/td><td>Davor&nbsp; Josipovi\u0107<\/td><td>VKV radnik<\/td><td>domar<\/td><\/tr><tr><td>2.<\/td><td>Sonja Pavi\u0107evi\u0107<\/td><td>SSS<\/td><td>radnica na odr. \u010disto\u0107e<\/td><\/tr><tr><td>3.<\/td><td>Milena Jeli\u0107<\/td><td>SSS<\/td><td>radnica na odr. \u010disto\u0107e<\/td><\/tr><tr><td>4.<\/td><td>Venera Pejovi\u0107<\/td><td>SSS<\/td><td>radnica na odr. \u010disto\u0107e<\/td><\/tr><tr><td>5.<\/td><td>An\u0111elija Poleksi\u0107<\/td><td>SSS<\/td><td>radnica na odr. \u010disto\u0107e<\/td><\/tr><\/tbody><\/table><\/figure>\n","protected":false},"excerpt":{"rendered":"<p>Nastavnici i stru\u010dni saradnici Red.br. Ime i prezime Zvanje Predmet koji predaju 1 Veselinka \u0160ubari\u0107 dipl.pijanista Klavir, Uporedni klavir, Komplementarni klavir 2 Marija Batakovi\u0107 dipl.pijanista Klavir 3 Marijetka Nik\u010devi\u0107 dipl.pijanista Klavir, Uporedni klavir 4 Mira Der dipl.muzi\u010dar Klavir 5 Svetlana Jokovi\u0107 nast. klavira Klavir 6 Ivana Pe\u0161i\u0107 dipl.pijanista Korepeticija, Kamerna muzika, Uporedni klavir 7 Bojana [&hellip;]<\/p>\n","protected":false},"author":1,"featured_media":0,"parent":0,"menu_order":0,"comment_status":"closed","ping_status":"closed","template":"","meta":{"pagelayer_contact_templates":[],"_pagelayer_content":"","footnotes":""},"class_list":["post-565","page","type-page","status-publish","hentry"],"_links":{"self":[{"href":"https:\/\/daracokorilo.com\/index.php\/wp-json\/wp\/v2\/pages\/565","targetHints":{"allow":["GET"]}}],"collection":[{"href":"https:\/\/daracokorilo.com\/index.php\/wp-json\/wp\/v2\/pages"}],"about":[{"href":"https:\/\/daracokorilo.com\/index.php\/wp-json\/wp\/v2\/types\/page"}],"author":[{"embeddable":true,"href":"https:\/\/daracokorilo.com\/index.php\/wp-json\/wp\/v2\/users\/1"}],"replies":[{"embeddable":true,"href":"https:\/\/daracokorilo.com\/index.php\/wp-json\/wp\/v2\/comments?post=565"}],"version-history":[{"count":1,"href":"https:\/\/daracokorilo.com\/index.php\/wp-json\/wp\/v2\/pages\/565\/revisions"}],"predecessor-version":[{"id":566,"href":"https:\/\/daracokorilo.com\/index.php\/wp-json\/wp\/v2\/pages\/565\/revisions\/566"}],"wp:attachment":[{"href":"https:\/\/daracokorilo.com\/index.php\/wp-json\/wp\/v2\/media?parent=565"}],"curies":[{"name":"wp","href":"https:\/\/api.w.org\/{rel}","templated":true}]}}