{"id":572,"date":"2022-01-03T13:28:45","date_gmt":"2022-01-03T12:28:45","guid":{"rendered":"https:\/\/daracokorilo.com\/?page_id=572"},"modified":"2025-06-04T10:17:02","modified_gmt":"2025-06-04T08:17:02","slug":"odjeljenske-starjesine-srednja-skola","status":"publish","type":"page","link":"https:\/\/daracokorilo.com\/index.php\/odjeljenske-starjesine-srednja-skola\/","title":{"rendered":"Odjeljenske starje\u0161ine -srednja \u0161kola"},"content":{"rendered":"\n<h2 class=\"wp-block-heading\"><a>Spisak odjeljenja i starje\u0161ina za \u0161kolsku 2021\/22. godinu u srednjoj \u0161koli<\/a><\/h2>\n\n\n\n<figure class=\"wp-block-table\"><table><tbody><tr><td>Razredni starje\u0161ina<\/td><td>&nbsp;&nbsp; odjeljenje<\/td><\/tr><tr><td>Jelica Jo\u0161anovi\u0107<\/td><td>I1<\/td><\/tr><tr><td>Valentina Topalovi\u0107 Jaredi\u0107<\/td><td>II1<\/td><\/tr><tr><td>Gordana Lopu\u0161ina<\/td><td>III1<\/td><\/tr><tr><td>Dragana Glomazi\u0107<\/td><td>IV1<\/td><\/tr><\/tbody><\/table><\/figure>\n\n\n\n<p><\/p>\n","protected":false},"excerpt":{"rendered":"<p>Spisak odjeljenja i starje\u0161ina za \u0161kolsku 2021\/22. godinu u srednjoj \u0161koli Razredni starje\u0161ina &nbsp;&nbsp; odjeljenje Jelica Jo\u0161anovi\u0107 I1 Valentina Topalovi\u0107 Jaredi\u0107 II1 Gordana Lopu\u0161ina III1 Dragana Glomazi\u0107 IV1<\/p>\n","protected":false},"author":1,"featured_media":0,"parent":0,"menu_order":0,"comment_status":"closed","ping_status":"closed","template":"","meta":{"pagelayer_contact_templates":[],"_pagelayer_content":"","footnotes":""},"class_list":["post-572","page","type-page","status-publish","hentry"],"_links":{"self":[{"href":"https:\/\/daracokorilo.com\/index.php\/wp-json\/wp\/v2\/pages\/572","targetHints":{"allow":["GET"]}}],"collection":[{"href":"https:\/\/daracokorilo.com\/index.php\/wp-json\/wp\/v2\/pages"}],"about":[{"href":"https:\/\/daracokorilo.com\/index.php\/wp-json\/wp\/v2\/types\/page"}],"author":[{"embeddable":true,"href":"https:\/\/daracokorilo.com\/index.php\/wp-json\/wp\/v2\/users\/1"}],"replies":[{"embeddable":true,"href":"https:\/\/daracokorilo.com\/index.php\/wp-json\/wp\/v2\/comments?post=572"}],"version-history":[{"count":2,"href":"https:\/\/daracokorilo.com\/index.php\/wp-json\/wp\/v2\/pages\/572\/revisions"}],"predecessor-version":[{"id":3254,"href":"https:\/\/daracokorilo.com\/index.php\/wp-json\/wp\/v2\/pages\/572\/revisions\/3254"}],"wp:attachment":[{"href":"https:\/\/daracokorilo.com\/index.php\/wp-json\/wp\/v2\/media?parent=572"}],"curies":[{"name":"wp","href":"https:\/\/api.w.org\/{rel}","templated":true}]}}