{"id":576,"date":"2022-01-03T13:30:06","date_gmt":"2022-01-03T12:30:06","guid":{"rendered":"https:\/\/daracokorilo.com\/?page_id=576"},"modified":"2022-01-03T13:30:06","modified_gmt":"2022-01-03T12:30:06","slug":"skolski-odbor","status":"publish","type":"page","link":"https:\/\/daracokorilo.com\/index.php\/skolski-odbor\/","title":{"rendered":"\u0160kolski odbor"},"content":{"rendered":"\n<p>\u010clanovi \u0160kolskog odbora:<\/p>\n\n\n\n<ol class=\"wp-block-list\"><li>Vesna \u0160arac, nast.harmonike \u2013 predstavnik zaposlenih u \u0161koli,<\/li><li>Mira Der, nast.klavira \u2013 predstavnik zaposlenih u \u0161koli,<\/li><li>Sa\u0161a Mili\u010di\u0107 dipl. ing elektronike \u2013 predstavnik Ministarstva prosvjete,nauke, kulture i sporta<\/li><li>Milo\u0161 Milatovi\u0107 , dipl.ekonomista \u2013 predstavnik Ministarstva prosvjete,nauke, kulture i sporta<\/li><li>Radinko Krulanovi\u0107, prof. flosofije\u2013 predstavnik Ministarstva prosvjete,nauke, kulture i sporta<\/li><li>Ana Buri\u0107, dipl.ecc. \u2013 socijalni partner<\/li><li>Dragan Radulovi\u0107 \u2013 dipl. ing elektronike, predstavnik Savjeta roditelja<\/li><\/ol>\n","protected":false},"excerpt":{"rendered":"<p>\u010clanovi \u0160kolskog odbora: Vesna \u0160arac, nast.harmonike \u2013 predstavnik zaposlenih u \u0161koli, Mira Der, nast.klavira \u2013 predstavnik zaposlenih u \u0161koli, Sa\u0161a Mili\u010di\u0107 dipl. ing elektronike \u2013 predstavnik Ministarstva prosvjete,nauke, kulture i sporta Milo\u0161 Milatovi\u0107 , dipl.ekonomista \u2013 predstavnik Ministarstva prosvjete,nauke, kulture i sporta Radinko Krulanovi\u0107, prof. flosofije\u2013 predstavnik Ministarstva prosvjete,nauke, kulture i sporta Ana Buri\u0107, dipl.ecc. [&hellip;]<\/p>\n","protected":false},"author":1,"featured_media":0,"parent":0,"menu_order":0,"comment_status":"closed","ping_status":"closed","template":"","meta":{"pagelayer_contact_templates":[],"_pagelayer_content":"","footnotes":""},"class_list":["post-576","page","type-page","status-publish","hentry"],"_links":{"self":[{"href":"https:\/\/daracokorilo.com\/index.php\/wp-json\/wp\/v2\/pages\/576","targetHints":{"allow":["GET"]}}],"collection":[{"href":"https:\/\/daracokorilo.com\/index.php\/wp-json\/wp\/v2\/pages"}],"about":[{"href":"https:\/\/daracokorilo.com\/index.php\/wp-json\/wp\/v2\/types\/page"}],"author":[{"embeddable":true,"href":"https:\/\/daracokorilo.com\/index.php\/wp-json\/wp\/v2\/users\/1"}],"replies":[{"embeddable":true,"href":"https:\/\/daracokorilo.com\/index.php\/wp-json\/wp\/v2\/comments?post=576"}],"version-history":[{"count":1,"href":"https:\/\/daracokorilo.com\/index.php\/wp-json\/wp\/v2\/pages\/576\/revisions"}],"predecessor-version":[{"id":577,"href":"https:\/\/daracokorilo.com\/index.php\/wp-json\/wp\/v2\/pages\/576\/revisions\/577"}],"wp:attachment":[{"href":"https:\/\/daracokorilo.com\/index.php\/wp-json\/wp\/v2\/media?parent=576"}],"curies":[{"name":"wp","href":"https:\/\/api.w.org\/{rel}","templated":true}]}}