{"id":635,"date":"2022-01-06T13:38:36","date_gmt":"2022-01-06T12:38:36","guid":{"rendered":"https:\/\/daracokorilo.com\/?page_id=635"},"modified":"2025-06-04T10:04:44","modified_gmt":"2025-06-04T08:04:44","slug":"rukovodece-i-administrativno-osoblje","status":"publish","type":"page","link":"https:\/\/daracokorilo.com\/index.php\/rukovodece-i-administrativno-osoblje\/","title":{"rendered":"Rukovode\u0107e i  administrativno osoblje"},"content":{"rendered":"\n<figure class=\"wp-block-table\"><table><tbody><tr><td>&nbsp;&nbsp; Ime&nbsp;&nbsp; i prezime<\/td><td>stru\u010dna sprema- zvanje<\/td><td>radno mjesto<\/td><\/tr><tr><td>Sanja&nbsp; Radulovi\u0107<\/td><td>VII-dipl.muzi\u010dar VII1 &nbsp;-ekonomije<\/td><td>direktor<\/td><\/tr><tr><td>Ljiljana Backovi\u0107<\/td><td>VII -dipl. pravnik<\/td><td>sekretar<\/td><\/tr><tr><td>Vesna Osmaji\u0107<\/td><td>VII &#8211; dipl. ekonomista<\/td><td>ra\u010dunovo\u0111a<\/td><\/tr><\/tbody><\/table><\/figure>\n\n\n\n<p><\/p>\n","protected":false},"excerpt":{"rendered":"<p>&nbsp;&nbsp; Ime&nbsp;&nbsp; i prezime stru\u010dna sprema- zvanje radno mjesto Sanja&nbsp; Radulovi\u0107 VII-dipl.muzi\u010dar VII1 &nbsp;-ekonomije direktor Ljiljana Backovi\u0107 VII -dipl. pravnik sekretar Vesna Osmaji\u0107 VII &#8211; dipl. ekonomista ra\u010dunovo\u0111a<\/p>\n","protected":false},"author":1,"featured_media":0,"parent":0,"menu_order":0,"comment_status":"closed","ping_status":"closed","template":"","meta":{"pagelayer_contact_templates":[],"_pagelayer_content":"","footnotes":""},"class_list":["post-635","page","type-page","status-publish","hentry"],"_links":{"self":[{"href":"https:\/\/daracokorilo.com\/index.php\/wp-json\/wp\/v2\/pages\/635","targetHints":{"allow":["GET"]}}],"collection":[{"href":"https:\/\/daracokorilo.com\/index.php\/wp-json\/wp\/v2\/pages"}],"about":[{"href":"https:\/\/daracokorilo.com\/index.php\/wp-json\/wp\/v2\/types\/page"}],"author":[{"embeddable":true,"href":"https:\/\/daracokorilo.com\/index.php\/wp-json\/wp\/v2\/users\/1"}],"replies":[{"embeddable":true,"href":"https:\/\/daracokorilo.com\/index.php\/wp-json\/wp\/v2\/comments?post=635"}],"version-history":[{"count":3,"href":"https:\/\/daracokorilo.com\/index.php\/wp-json\/wp\/v2\/pages\/635\/revisions"}],"predecessor-version":[{"id":3250,"href":"https:\/\/daracokorilo.com\/index.php\/wp-json\/wp\/v2\/pages\/635\/revisions\/3250"}],"wp:attachment":[{"href":"https:\/\/daracokorilo.com\/index.php\/wp-json\/wp\/v2\/media?parent=635"}],"curies":[{"name":"wp","href":"https:\/\/api.w.org\/{rel}","templated":true}]}}